{"id":7417,"date":"2025-09-12T13:31:05","date_gmt":"2025-09-12T13:31:05","guid":{"rendered":"https:\/\/anjajavy.com\/mentions-legales\/"},"modified":"2026-05-07T07:28:46","modified_gmt":"2026-05-07T07:28:46","slug":"mentions-legales","status":"publish","type":"page","link":"https:\/\/anjajavy.com\/pt-br\/mentions-legales\/","title":{"rendered":"Avisos legais"},"content":{"rendered":"<p>[et_pb_section fb_built=&#8221;1&#8243; module_id=&#8221;fullscreen-title-section&#8221; module_class=&#8221;legal-notices-fullscreen-title-section&#8221; _builder_version=&#8221;4.16&#8243; background_enable_image=&#8221;off&#8221; locked=&#8221;off&#8221; global_colors_info=&#8221;{}&#8221;][et_pb_row _builder_version=&#8221;4.16&#8243; background_image=&#8221;https:\/\/anjajavy.com\/wp-content\/uploads\/2025\/09\/HEADER-1.jpg&#8221; background_position=&#8221;bottom_left&#8221; global_colors_info=&#8221;{}&#8221;][et_pb_column type=&#8221;4_4&#8243; _builder_version=&#8221;4.16&#8243; global_colors_info=&#8221;{}&#8221;][et_pb_code module_class=&#8221;animation-type for-toTop&#8221; _builder_version=&#8221;4.16&#8243; global_colors_info=&#8221;{}&#8221;]<\/p>\n<h1><pee class=\"trait-title\"><\/pee>Mentions l\u00e9gales<pee class=\"trait-title\"><\/pee><pee class=\"espace-title\"><\/pee><!-- [et_pb_line_break_holder] --><span>Anjajavy<\/span><\/h1>\n<p>[\/et_pb_code][\/et_pb_column][\/et_pb_row][\/et_pb_section][et_pb_section fb_built=&#8221;1&#8243; admin_label=&#8221;Blocs | Section&#8221; module_class=&#8221;legal-notices-blocs-section&#8221; _builder_version=&#8221;4.16&#8243; global_colors_info=&#8221;{}&#8221;][et_pb_row column_structure=&#8221;1_4,1_4,1_4,1_4&#8243; make_equal=&#8221;on&#8221; module_class=&#8221;legal-notices-blocs-row&#8221; _builder_version=&#8221;4.27.4&#8243; max_width=&#8221;1920px&#8221; global_colors_info=&#8221;{}&#8221;][et_pb_column type=&#8221;1_4&#8243; _builder_version=&#8221;4.16&#8243; custom_css_main_element=&#8221;border: none !important;&#8221; global_colors_info=&#8221;{}&#8221;][\/et_pb_column][et_pb_column type=&#8221;1_4&#8243; _builder_version=&#8221;4.16&#8243; global_colors_info=&#8221;{}&#8221;][et_pb_text admin_label=&#8221;titre&#8221; module_id=&#8221;tranquility-integrated-module&#8221; module_class=&#8221;tranquility-title-module&#8221; _builder_version=&#8221;4.27.4&#8243; background_enable_image=&#8221;off&#8221; hover_enabled=&#8221;0&#8243; locked=&#8221;off&#8221; global_colors_info=&#8221;{}&#8221; sticky_enabled=&#8221;0&#8243;]<\/p>\n<h2>Propriet\u00e1rio<\/h2>\n<p>Anjajavy[\/et_pb_text][et_pb_divider module_class=&#8221;ligne-horizontale animation-type for-toTop&#8221; _builder_version=&#8221;4.27.4&#8243; hover_enabled=&#8221;0&#8243; locked=&#8221;off&#8221; global_colors_info=&#8221;{}&#8221; sticky_enabled=&#8221;0&#8243;][\/et_pb_divider][et_pb_text admin_label=&#8221;Informations&#8221; _builder_version=&#8221;4.27.4&#8243; text_orientation=&#8221;justified&#8221; hover_enabled=&#8221;0&#8243; locked=&#8221;off&#8221; global_colors_info=&#8221;{}&#8221; sticky_enabled=&#8221;0&#8243;]<strong>Telefone<\/strong>: <a href=\"tel:020 23 327 59\">020 23 327 59<\/a> (servi\u00e7o de reservas)<\/p>\n<p><strong>Endere\u00e7o<\/strong>: C\/O Batpro BD Ratsimandrava<\/p>\n<p><strong>Siret<\/strong>: 55101 11 1998 0 10017<\/p>\n<p><strong>RCS<\/strong>: 1998B00461<\/p>\n<p><strong>N\u00famero de IVA intracomunit\u00e1rio<\/strong>: 2000015526<\/p>\n<p><strong>Forma jur\u00eddica<\/strong>: Sociedade de responsabilidade limitada<\/p>\n<p><strong>Capital social<\/strong>: 934.912,00 euros[\/et_pb_text][\/et_pb_column][et_pb_column type=&#8221;1_4&#8243; _builder_version=&#8221;4.16&#8243; global_colors_info=&#8221;{}&#8221;][et_pb_text admin_label=&#8221;titre&#8221; module_id=&#8221;tranquility-integrated-module&#8221; module_class=&#8221;tranquility-title-module&#8221; _builder_version=&#8221;4.27.4&#8243; background_enable_image=&#8221;off&#8221; hover_enabled=&#8221;0&#8243; locked=&#8221;off&#8221; global_colors_info=&#8221;{}&#8221; sticky_enabled=&#8221;0&#8243;]<\/p>\n<h2>Alojamento<\/h2>\n<p>Bluehost[\/et_pb_text][et_pb_divider module_class=&#8221;ligne-horizontale animation-type for-toTop&#8221; _builder_version=&#8221;4.16&#8243; locked=&#8221;off&#8221; global_colors_info=&#8221;{}&#8221;][\/et_pb_divider][et_pb_text admin_label=&#8221;Informations&#8221; _builder_version=&#8221;4.27.4&#8243; text_orientation=&#8221;justified&#8221; hover_enabled=&#8221;0&#8243; locked=&#8221;off&#8221; global_colors_info=&#8221;{}&#8221; sticky_enabled=&#8221;0&#8243;]<strong>Telefone (EUA \u2013 Suporte)<\/strong>: <a href=\"tel:+18884014678\">+1 888-401-4678<\/a><\/p>\n<p><strong>Telefone (Internacional)<\/strong>: <a href=\"tel:+18017659400\">+1 801-765-9400<\/a><\/p>\n<p><strong>Endere\u00e7o<\/strong>: 5335 Gate Parkway, 2\u00ba andar, Jacksonville, FL 32256, Estados Unidos<\/p>\n<p><strong>Forma jur\u00eddica<\/strong>: Corpora\u00e7\u00e3o (Endurance International Group, empresa controladora)<\/p>\n<p><strong>Site oficial<\/strong>: <a href=\"https:\/\/www.bluehost.com\" target=\"_blank\" rel=\"noopener\">www.bluehost.com<\/a>[\/et_pb_text][\/et_pb_column][et_pb_column type=&#8221;1_4&#8243; _builder_version=&#8221;4.16&#8243; custom_css_main_element=&#8221;border: none !important;&#8221; global_colors_info=&#8221;{}&#8221;][\/et_pb_column][\/et_pb_row][\/et_pb_section][et_pb_section fb_built=&#8221;1&#8243; disabled_on=&#8221;off|off|off&#8221; admin_label=&#8221;Section Footer Desktop&#8221; module_id=&#8221;footer-desktop&#8221; _builder_version=&#8221;4.16&#8243; saved_tabs=&#8221;all&#8221; collapsed=&#8221;on&#8221; global_colors_info=&#8221;{}&#8221;][et_pb_row column_structure=&#8221;1_4,1_4,1_4,1_4&#8243; use_custom_gutter=&#8221;on&#8221; gutter_width=&#8221;1&#8243; make_equal=&#8221;on&#8221; _builder_version=&#8221;4.27.4&#8243; max_width=&#8221;1920px&#8221; global_colors_info=&#8221;{}&#8221;][et_pb_column type=&#8221;1_4&#8243; _builder_version=&#8221;4.16&#8243; global_colors_info=&#8221;{}&#8221;][et_pb_text admin_label=&#8221;BUREAU DE R\u00c9SERVATION&#8221; _builder_version=&#8221;4.27.4&#8243; text_font=&#8221;||||||||&#8221; text_text_color=&#8221;#FFFFFF&#8221; global_colors_info=&#8221;{}&#8221;]<strong>BUREAU DE R\u00c9SERVATION<\/strong>[\/et_pb_text][et_pb_divider color=&#8221;#FFFFFF&#8221; _builder_version=&#8221;4.16&#8243; global_colors_info=&#8221;{}&#8221;][\/et_pb_divider][et_pb_text admin_label=&#8221;Adresse&#8221; module_class=&#8221;footer-desktop-texte-module&#8221; _builder_version=&#8221;4.27.4&#8243; text_text_color=&#8221;#FFFFFF&#8221; global_colors_info=&#8221;{}&#8221;]1er \u00e9tage, Centre Commercial DYVE GARDEN<br \/>\nAnosivavaka, Antananarivo 101, MADAGASCAR[\/et_pb_text][\/et_pb_column][et_pb_column type=&#8221;1_4&#8243; module_id=&#8221;footer-icons-column&#8221; _builder_version=&#8221;4.16&#8243; global_colors_info=&#8221;{}&#8221;][et_pb_image src=&#8221;https:\/\/anjajavy.com\/wp-content\/uploads\/2025\/09\/facebook-logo-White_FFFFFF.png&#8221; url=&#8221;https:\/\/www.facebook.com\/anjajavy\/&#8221; url_new_window=&#8221;on&#8221; admin_label=&#8221;Facebook&#8221; _builder_version=&#8221;4.16&#8243; global_colors_info=&#8221;{}&#8221;][\/et_pb_image][et_pb_image src=&#8221;https:\/\/anjajavy.com\/wp-content\/uploads\/2025\/09\/instagram-logo-White_FFFFFF.png&#8221; url=&#8221;https:\/\/www.instagram.com\/anjajavy_le_lodge_madagascar\/&#8221; url_new_window=&#8221;on&#8221; admin_label=&#8221;Insta&#8221; _builder_version=&#8221;4.16&#8243; global_colors_info=&#8221;{}&#8221;][\/et_pb_image][et_pb_image src=&#8221;https:\/\/anjajavy.com\/wp-content\/uploads\/2025\/09\/tripadvisor-logotype-White_FFFFFF.png&#8221; url=&#8221;https:\/\/www.tripadvisor.fr\/Hotel_Review-g298269-d304179-Reviews-Anjajavy_Le_Lodge_Relais_Chateaux-Anjajavy_Mahajanga_Province.html&#8221; url_new_window=&#8221;on&#8221; admin_label=&#8221;TripAdvisor&#8221; _builder_version=&#8221;4.16&#8243; global_colors_info=&#8221;{}&#8221;][\/et_pb_image][\/et_pb_column][et_pb_column type=&#8221;1_4&#8243; _builder_version=&#8221;4.16&#8243; global_colors_info=&#8221;{}&#8221;][et_pb_text admin_label=&#8221;CONTACT&#8221; _builder_version=&#8221;4.16&#8243; text_font=&#8221;||||||||&#8221; text_text_color=&#8221;#FFFFFF&#8221; global_colors_info=&#8221;{}&#8221;]<strong>CONTACT<\/strong>[\/et_pb_text][et_pb_divider color=&#8221;#FFFFFF&#8221; _builder_version=&#8221;4.16&#8243; global_colors_info=&#8221;{}&#8221;][\/et_pb_divider][et_pb_text admin_label=&#8221;Info contact&#8221; module_class=&#8221;footer-desktop-texte-module&#8221; _builder_version=&#8221;4.23.1&#8243; text_text_color=&#8221;#FFFFFF&#8221; global_colors_info=&#8221;{}&#8221;]<a href=\"tel:261344444747\">+261 (0) 34 44 447 47<\/a> &#8211; <a href=\"mailto:bookings@anjajavy.com\">bookings@anjajavy.com<\/a><br \/>\nMADAGASCAR[\/et_pb_text][\/et_pb_column][et_pb_column type=&#8221;1_4&#8243; module_id=&#8221;footer-relais-winner-column&#8221; _builder_version=&#8221;4.17.4&#8243; global_colors_info=&#8221;{}&#8221;][et_pb_image src=&#8221;https:\/\/anjajavy.com\/wp-content\/uploads\/2025\/09\/world-Luxury-hotel-awards-anjajavy.png&#8221; admin_label=&#8221;Image&#8221; _builder_version=&#8221;4.16&#8243; global_colors_info=&#8221;{}&#8221;][\/et_pb_image][et_pb_image src=&#8221;https:\/\/anjajavy.com\/wp-content\/uploads\/2025\/09\/Madagascar-Trans-Air-MTA-1.webp&#8221; title_text=&#8221;LOGO&#8221; admin_label=&#8221;Image&#8221; _builder_version=&#8221;4.23.1&#8243; global_colors_info=&#8221;{}&#8221;][\/et_pb_image][et_pb_image src=&#8221;https:\/\/anjajavy.com\/wp-content\/uploads\/2025\/09\/Trophee-Duval.jpg&#8221; title_text=&#8221;LOGO&#8221; admin_label=&#8221;Image&#8221; _builder_version=&#8221;4.23.1&#8243; global_colors_info=&#8221;{}&#8221;][\/et_pb_image][\/et_pb_column][\/et_pb_row][\/et_pb_section][et_pb_section fb_built=&#8221;1&#8243; disabled_on=&#8221;off|off|off&#8221; admin_label=&#8221;Footer ML Mobile Section&#8221; module_id=&#8221;footer-ml-mobile-section&#8221; _builder_version=&#8221;4.16&#8243; collapsed=&#8221;off&#8221; global_colors_info=&#8221;{}&#8221;][et_pb_row _builder_version=&#8221;4.16&#8243; global_colors_info=&#8221;{}&#8221;][et_pb_column type=&#8221;4_4&#8243; _builder_version=&#8221;4.16&#8243; global_colors_info=&#8221;{}&#8221;][et_pb_text admin_label=&#8221;ML&#8221; _builder_version=&#8221;4.27.4&#8243; hover_enabled=&#8221;0&#8243; global_colors_info=&#8221;{}&#8221; sticky_enabled=&#8221;0&#8243;]<\/p>\n<p style=\"text-align: center;\"><a href=\"\/pt-br\/mentions-legales\/\">Avisos legais<\/a><\/p>\n<p>[\/et_pb_text][\/et_pb_column][\/et_pb_row][\/et_pb_section][et_pb_section fb_built=&#8221;1&#8243; disabled_on=&#8221;off|off|on&#8221; admin_label=&#8221;Footer Mobile Section&#8221; module_id=&#8221;footer-mobile-section&#8221; _builder_version=&#8221;4.16&#8243; collapsed=&#8221;off&#8221; global_colors_info=&#8221;{}&#8221;][et_pb_row _builder_version=&#8221;4.16&#8243; global_colors_info=&#8221;{}&#8221;][et_pb_column type=&#8221;4_4&#8243; _builder_version=&#8221;4.16&#8243; global_colors_info=&#8221;{}&#8221;][et_pb_code disabled_on=&#8221;off|off|off&#8221; admin_label=&#8221;Code pictos&#8221; _builder_version=&#8221;4.23.1&#8243; global_colors_info=&#8221;{}&#8221;]<pee><a href=\"mailto:bookings@anjajavy.com\"><img decoding=\"async\" src=\"\/wp-content\/uploads\/2019\/11\/envelope-White_FFFFFF.png\" \/><\/a><a href=\"tel:020 23 327 59\"><img decoding=\"async\" src=\"\/wp-content\/uploads\/2019\/11\/telephone-White_FFFFFF.png\" \/><\/a><a href=\"\/venir\/\" target=\"_blank\" rel=\"noopener noreferrer\"><img decoding=\"async\" src=\"\/wp-content\/uploads\/2019\/11\/maps-and-flags-White_FFFFFF.png\" \/><\/a><\/pee>[\/et_pb_code][\/et_pb_column][\/et_pb_row][\/et_pb_section]<\/p>\n","protected":false},"excerpt":{"rendered":"<p>Propriet\u00e1rio AnjajavyTelefone: 020 23 327 59 (servi\u00e7o de reservas) Endere\u00e7o: C\/O Batpro BD Ratsimandrava Siret: 55101 11 1998 0 10017 RCS: 1998B00461 N\u00famero de IVA intracomunit\u00e1rio: 2000015526 Forma jur\u00eddica: Sociedade de responsabilidade limitada Capital social: 934.912,00 eurosAlojamento BluehostTelefone (EUA \u2013 Suporte): +1 888-401-4678 Telefone (Internacional): +1 801-765-9400 Endere\u00e7o: 5335 Gate Parkway, 2\u00ba andar, Jacksonville, FL [&hellip;]<\/p>\n","protected":false},"author":1,"featured_media":0,"parent":0,"menu_order":0,"comment_status":"closed","ping_status":"closed","template":"","meta":{"_et_pb_use_builder":"on","_et_pb_old_content":"<!-- wp:divi\/placeholder \/-->","_et_gb_content_width":"","_sitemap_exclude":false,"_sitemap_priority":"","_sitemap_frequency":"","footnotes":""},"class_list":["post-7417","page","type-page","status-publish","hentry"],"yoast_head":"<!-- This site is optimized with the Yoast SEO plugin v23.5 - https:\/\/yoast.com\/wordpress\/plugins\/seo\/ -->\n<title>Avisos legais - Le monde perdu d\u2019Anjajavy<\/title>\n<meta name=\"robots\" content=\"index, follow, max-snippet:-1, max-image-preview:large, max-video-preview:-1\" \/>\n<link rel=\"canonical\" href=\"https:\/\/anjajavy.com\/pt-br\/mentions-legales\/\" \/>\n<meta property=\"og:locale\" content=\"pt_BR\" \/>\n<meta property=\"og:type\" content=\"article\" \/>\n<meta property=\"og:title\" content=\"Avisos legais - Le monde perdu d\u2019Anjajavy\" \/>\n<meta property=\"og:description\" content=\"Propriet\u00e1rio AnjajavyTelefone: 020 23 327 59 (servi\u00e7o de reservas) Endere\u00e7o: C\/O Batpro BD Ratsimandrava Siret: 55101 11 1998 0 10017 RCS: 1998B00461 N\u00famero de IVA intracomunit\u00e1rio: 2000015526 Forma jur\u00eddica: Sociedade de responsabilidade limitada Capital social: 934.912,00 eurosAlojamento BluehostTelefone (EUA \u2013 Suporte): +1 888-401-4678 Telefone (Internacional): +1 801-765-9400 Endere\u00e7o: 5335 Gate Parkway, 2\u00ba andar, Jacksonville, FL [&hellip;]\" \/>\n<meta property=\"og:url\" content=\"https:\/\/anjajavy.com\/pt-br\/mentions-legales\/\" \/>\n<meta property=\"og:site_name\" content=\"Le monde perdu d\u2019Anjajavy\" \/>\n<meta property=\"article:publisher\" content=\"https:\/\/www.facebook.com\/anjajavy\" \/>\n<meta property=\"article:modified_time\" content=\"2026-05-07T07:28:46+00:00\" \/>\n<meta name=\"twitter:card\" content=\"summary_large_image\" \/>\n<meta name=\"twitter:label1\" content=\"Est. tempo de leitura\" \/>\n\t<meta name=\"twitter:data1\" content=\"3 minutos\" \/>\n<script type=\"application\/ld+json\" class=\"yoast-schema-graph\">{\"@context\":\"https:\/\/schema.org\",\"@graph\":[{\"@type\":\"WebPage\",\"@id\":\"https:\/\/anjajavy.com\/pt-br\/mentions-legales\/\",\"url\":\"https:\/\/anjajavy.com\/pt-br\/mentions-legales\/\",\"name\":\"Avisos legais - Le monde perdu d\u2019Anjajavy\",\"isPartOf\":{\"@id\":\"https:\/\/anjajavy.com\/#website\"},\"datePublished\":\"2025-09-12T13:31:05+00:00\",\"dateModified\":\"2026-05-07T07:28:46+00:00\",\"breadcrumb\":{\"@id\":\"https:\/\/anjajavy.com\/pt-br\/mentions-legales\/#breadcrumb\"},\"inLanguage\":\"pt-BR\",\"potentialAction\":[{\"@type\":\"ReadAction\",\"target\":[\"https:\/\/anjajavy.com\/pt-br\/mentions-legales\/\"]}]},{\"@type\":\"BreadcrumbList\",\"@id\":\"https:\/\/anjajavy.com\/pt-br\/mentions-legales\/#breadcrumb\",\"itemListElement\":[{\"@type\":\"ListItem\",\"position\":1,\"name\":\"Accueil\",\"item\":\"https:\/\/anjajavy.com\/pt-br\/\"},{\"@type\":\"ListItem\",\"position\":2,\"name\":\"Avisos legais\"}]},{\"@type\":\"WebSite\",\"@id\":\"https:\/\/anjajavy.com\/#website\",\"url\":\"https:\/\/anjajavy.com\/\",\"name\":\"Anjajavy Le Lodge\",\"description\":\"\",\"potentialAction\":[{\"@type\":\"SearchAction\",\"target\":{\"@type\":\"EntryPoint\",\"urlTemplate\":\"https:\/\/anjajavy.com\/?s={search_term_string}\"},\"query-input\":{\"@type\":\"PropertyValueSpecification\",\"valueRequired\":true,\"valueName\":\"search_term_string\"}}],\"inLanguage\":\"pt-BR\"}]}<\/script>\n<!-- \/ Yoast SEO plugin. -->","yoast_head_json":{"title":"Avisos legais - Le monde perdu d\u2019Anjajavy","robots":{"index":"index","follow":"follow","max-snippet":"max-snippet:-1","max-image-preview":"max-image-preview:large","max-video-preview":"max-video-preview:-1"},"canonical":"https:\/\/anjajavy.com\/pt-br\/mentions-legales\/","og_locale":"pt_BR","og_type":"article","og_title":"Avisos legais - Le monde perdu d\u2019Anjajavy","og_description":"Propriet\u00e1rio AnjajavyTelefone: 020 23 327 59 (servi\u00e7o de reservas) Endere\u00e7o: C\/O Batpro BD Ratsimandrava Siret: 55101 11 1998 0 10017 RCS: 1998B00461 N\u00famero de IVA intracomunit\u00e1rio: 2000015526 Forma jur\u00eddica: Sociedade de responsabilidade limitada Capital social: 934.912,00 eurosAlojamento BluehostTelefone (EUA \u2013 Suporte): +1 888-401-4678 Telefone (Internacional): +1 801-765-9400 Endere\u00e7o: 5335 Gate Parkway, 2\u00ba andar, Jacksonville, FL [&hellip;]","og_url":"https:\/\/anjajavy.com\/pt-br\/mentions-legales\/","og_site_name":"Le monde perdu d\u2019Anjajavy","article_publisher":"https:\/\/www.facebook.com\/anjajavy","article_modified_time":"2026-05-07T07:28:46+00:00","twitter_card":"summary_large_image","twitter_misc":{"Est. tempo de leitura":"3 minutos"},"schema":{"@context":"https:\/\/schema.org","@graph":[{"@type":"WebPage","@id":"https:\/\/anjajavy.com\/pt-br\/mentions-legales\/","url":"https:\/\/anjajavy.com\/pt-br\/mentions-legales\/","name":"Avisos legais - Le monde perdu d\u2019Anjajavy","isPartOf":{"@id":"https:\/\/anjajavy.com\/#website"},"datePublished":"2025-09-12T13:31:05+00:00","dateModified":"2026-05-07T07:28:46+00:00","breadcrumb":{"@id":"https:\/\/anjajavy.com\/pt-br\/mentions-legales\/#breadcrumb"},"inLanguage":"pt-BR","potentialAction":[{"@type":"ReadAction","target":["https:\/\/anjajavy.com\/pt-br\/mentions-legales\/"]}]},{"@type":"BreadcrumbList","@id":"https:\/\/anjajavy.com\/pt-br\/mentions-legales\/#breadcrumb","itemListElement":[{"@type":"ListItem","position":1,"name":"Accueil","item":"https:\/\/anjajavy.com\/pt-br\/"},{"@type":"ListItem","position":2,"name":"Avisos legais"}]},{"@type":"WebSite","@id":"https:\/\/anjajavy.com\/#website","url":"https:\/\/anjajavy.com\/","name":"Anjajavy Le Lodge","description":"","potentialAction":[{"@type":"SearchAction","target":{"@type":"EntryPoint","urlTemplate":"https:\/\/anjajavy.com\/?s={search_term_string}"},"query-input":{"@type":"PropertyValueSpecification","valueRequired":true,"valueName":"search_term_string"}}],"inLanguage":"pt-BR"}]}},"_links":{"self":[{"href":"https:\/\/anjajavy.com\/pt-br\/wp-json\/wp\/v2\/pages\/7417","targetHints":{"allow":["GET"]}}],"collection":[{"href":"https:\/\/anjajavy.com\/pt-br\/wp-json\/wp\/v2\/pages"}],"about":[{"href":"https:\/\/anjajavy.com\/pt-br\/wp-json\/wp\/v2\/types\/page"}],"author":[{"embeddable":true,"href":"https:\/\/anjajavy.com\/pt-br\/wp-json\/wp\/v2\/users\/1"}],"replies":[{"embeddable":true,"href":"https:\/\/anjajavy.com\/pt-br\/wp-json\/wp\/v2\/comments?post=7417"}],"version-history":[{"count":6,"href":"https:\/\/anjajavy.com\/pt-br\/wp-json\/wp\/v2\/pages\/7417\/revisions"}],"predecessor-version":[{"id":7426,"href":"https:\/\/anjajavy.com\/pt-br\/wp-json\/wp\/v2\/pages\/7417\/revisions\/7426"}],"wp:attachment":[{"href":"https:\/\/anjajavy.com\/pt-br\/wp-json\/wp\/v2\/media?parent=7417"}],"curies":[{"name":"wp","href":"https:\/\/api.w.org\/{rel}","templated":true}]}}