{"id":7351,"date":"2025-09-12T13:32:24","date_gmt":"2025-09-12T13:32:24","guid":{"rendered":"https:\/\/anjajavy.com\/venir-a-anjajavy\/"},"modified":"2026-05-13T09:16:41","modified_gmt":"2026-05-13T09:16:41","slug":"venir-a-anjajavy","status":"publish","type":"page","link":"https:\/\/anjajavy.com\/pt-br\/venir-a-anjajavy\/","title":{"rendered":"Como chegar a Anjajavy"},"content":{"rendered":"<p>[et_pb_section fb_built=&#8221;1&#8243; module_id=&#8221;fullscreen-title-section&#8221; module_class=&#8221;venir&#8221; _builder_version=&#8221;4.16&#8243; background_enable_image=&#8221;off&#8221; global_colors_info=&#8221;{}&#8221;][et_pb_row _builder_version=&#8221;4.19.5&#8243; background_image=&#8221;https:\/\/anjajavy.com\/wp-content\/uploads\/2023\/05\/Anjajavy-le-lodge-airport-4-scaled.webp&#8221; background_position=&#8221;bottom_left&#8221; global_colors_info=&#8221;{}&#8221;][et_pb_column type=&#8221;4_4&#8243; _builder_version=&#8221;4.16&#8243; global_colors_info=&#8221;{}&#8221;][et_pb_code module_class=&#8221;animation-type for-toTop&#8221; _builder_version=&#8221;4.27.4&#8243; global_colors_info=&#8221;{}&#8221;]<\/p>\n<h1>vir<pee><\/pee><!-- [et_pb_line_break_holder] --><pee class=\"trait-title\"><\/pee><span>a Anjajavy<\/span><\/h1>\n<p>[\/et_pb_code][\/et_pb_column][\/et_pb_row][\/et_pb_section][et_pb_section fb_built=&#8221;1&#8243; module_id=&#8221;venir-venir-section&#8221; module_class=&#8221;no-side-margin&#8221; _builder_version=&#8221;4.16&#8243; global_colors_info=&#8221;{}&#8221;][et_pb_row column_structure=&#8221;1_2,1_2&#8243; make_equal=&#8221;on&#8221; _builder_version=&#8221;4.27.4&#8243; max_width=&#8221;1920px&#8221; global_colors_info=&#8221;{}&#8221;][et_pb_column type=&#8221;1_2&#8243; _builder_version=&#8221;4.16&#8243; global_colors_info=&#8221;{}&#8221;][et_pb_text admin_label=&#8221;Une Presqu&#8217;\u00eele Isol\u00e9e&#8221; module_class=&#8221;tranquility-title-module&#8221; _builder_version=&#8221;4.27.4&#8243; header_2_text_align=&#8221;right&#8221; text_orientation=&#8221;right&#8221; global_colors_info=&#8221;{}&#8221;]<\/p>\n<h2>uma pen\u00ednsula isolada<\/h2>\n<p>um acesso preservado[\/et_pb_text][et_pb_text admin_label=&#8221;\u00c0 l\u2019\u00e9cart de toute&#8230;&#8221; _builder_version=&#8221;4.27.4&#8243; hover_enabled=&#8221;0&#8243; global_colors_info=&#8221;{}&#8221; sticky_enabled=&#8221;0&#8243;]Longe de qualquer estrada, cercada por praias selvagens, florestas, savanas e manguezais, encravada em um manto de karst, Anjajavy \u2014 uma pen\u00ednsula de tranquilidade no fim do mundo \u2014 permanece escondida dos que n\u00e3o a conhecem.<\/p>\n<p>Nenhuma estrada leva a Anjajavy, por isso voc\u00ea vir\u00e1 descobrir o Anjajavy Lodge a bordo de um avi\u00e3o particular que o levar\u00e1 suavemente at\u00e9 o cora\u00e7\u00e3o da reserva.<\/p>\n<p>Temos o prazer de colaborar com a Madagascar Trans Air (MTA), nossa parceira de confian\u00e7a para voos com destino a Anjajavy. Oferecendo um servi\u00e7o de avia\u00e7\u00e3o privada de alto padr\u00e3o, voc\u00ea desfruta de um servi\u00e7o a\u00e9reo personalizado, garantindo conforto e seguran\u00e7a.<\/p>\n<p>Ap\u00f3s 1h40 de voo saindo de Antananarivo, voc\u00ea ser\u00e1 recebido na pista de pouso privada do estabelecimento e levado de carro at\u00e9 o Anjajavy le Lodge, atravessando a floresta.<\/p>\n<p class=\"plus-information\">PARA MAIS INFORMA\u00c7\u00d5ES:<\/p>\n<p><a class=\"btn-dark\" target=\"_blank\" href=\"https:\/\/anjajavy.com\/wp-content\/uploads\/2022\/07\/Fiche-technique-AJJ-EN-12-07-2022.pdf\" rel=\"noopener noreferrer\">Ficha t\u00e9cnica<\/a><a class=\"btn-dark\" href=\"mailto: bookings@anjajavy.com\">Entre em contato conosco<\/a>[\/et_pb_text][\/et_pb_column][et_pb_column type=&#8221;1_2&#8243; _builder_version=&#8221;4.16&#8243; background_image=&#8221;https:\/\/anjajavy.com\/wp-content\/uploads\/2020\/07\/anjajavy-map-en.png&#8221; global_colors_info=&#8221;{}&#8221;][et_pb_image src=&#8221;https:\/\/anjajavy.com\/wp-content\/uploads\/2020\/03\/Google-Maps.jpg&#8221; url=&#8221;https:\/\/goo.gl\/maps\/w8mU6Ms83te5K8h77&#8243; url_new_window=&#8221;on&#8221; admin_label=&#8221;Google map&#8221; module_class=&#8221;venir-maps-module&#8221; _builder_version=&#8221;4.16&#8243; global_colors_info=&#8221;{}&#8221;][\/et_pb_image][et_pb_image src=&#8221;https:\/\/anjajavy.com\/wp-content\/uploads\/2020\/03\/L\u00e9gendes.png&#8221; admin_label=&#8221;L\u00e9gendes&#8221; module_class=&#8221;venir-legends-module&#8221; _builder_version=&#8221;4.16&#8243; global_colors_info=&#8221;{}&#8221;][\/et_pb_image][\/et_pb_column][\/et_pb_row][\/et_pb_section][et_pb_section fb_built=&#8221;1&#8243; disabled_on=&#8221;off|off|off&#8221; admin_label=&#8221;Section Footer Desktop&#8221; module_id=&#8221;footer-desktop&#8221; _builder_version=&#8221;4.27.4&#8243; global_module=&#8221;7205&#8243; saved_tabs=&#8221;all&#8221; locked=&#8221;off&#8221; collapsed=&#8221;off&#8221; global_colors_info=&#8221;{}&#8221;][et_pb_row column_structure=&#8221;1_4,1_4,1_4,1_4&#8243; use_custom_gutter=&#8221;on&#8221; gutter_width=&#8221;1&#8243; make_equal=&#8221;on&#8221; _builder_version=&#8221;4.27.4&#8243; max_width=&#8221;1920px&#8221; global_colors_info=&#8221;{}&#8221;][et_pb_column type=&#8221;1_4&#8243; _builder_version=&#8221;4.16&#8243; global_colors_info=&#8221;{}&#8221;][et_pb_text admin_label=&#8221;BUREAU DE R\u00c9SERVATION&#8221; _builder_version=&#8221;4.27.4&#8243; text_font=&#8221;||||||||&#8221; text_text_color=&#8221;#FFFFFF&#8221; global_colors_info=&#8221;{}&#8221;]<strong>BALC\u00c3O DE RESERVAS<\/strong>[\/et_pb_text][et_pb_divider color=&#8221;#FFFFFF&#8221; _builder_version=&#8221;4.16&#8243; global_colors_info=&#8221;{}&#8221;][\/et_pb_divider][et_pb_text admin_label=&#8221;Adresse&#8221; module_class=&#8221;footer-desktop-texte-module&#8221; _builder_version=&#8221;4.27.4&#8243; text_text_color=&#8221;#FFFFFF&#8221; global_colors_info=&#8221;{}&#8221;]<\/p>\n<p>1\u00ba andar, Centro Comercial DYVE GARDEN<br \/>Anosivavaka, Antananarivo 101, MADAGASCAR<\/p>\n<p>[\/et_pb_text][\/et_pb_column][et_pb_column type=&#8221;1_4&#8243; module_id=&#8221;footer-icons-column&#8221; _builder_version=&#8221;4.16&#8243; global_colors_info=&#8221;{}&#8221;][et_pb_image src=&#8221;https:\/\/anjajavy.com\/wp-content\/uploads\/2025\/09\/facebook-logo-White_FFFFFF.png&#8221; url=&#8221;https:\/\/www.facebook.com\/anjajavy\/&#8221; url_new_window=&#8221;on&#8221; admin_label=&#8221;Facebook&#8221; _builder_version=&#8221;4.16&#8243; global_colors_info=&#8221;{}&#8221;][\/et_pb_image][et_pb_image src=&#8221;https:\/\/anjajavy.com\/wp-content\/uploads\/2025\/09\/instagram-logo-White_FFFFFF.png&#8221; url=&#8221;https:\/\/www.instagram.com\/anjajavy_le_lodge_madagascar\/&#8221; url_new_window=&#8221;on&#8221; admin_label=&#8221;Insta&#8221; _builder_version=&#8221;4.16&#8243; global_colors_info=&#8221;{}&#8221;][\/et_pb_image][et_pb_image src=&#8221;https:\/\/anjajavy.com\/wp-content\/uploads\/2025\/09\/tripadvisor-logotype-White_FFFFFF.png&#8221; url=&#8221;https:\/\/www.tripadvisor.fr\/Hotel_Review-g298269-d304179-Reviews-Anjajavy_Le_Lodge_Relais_Chateaux-Anjajavy_Mahajanga_Province.html&#8221; url_new_window=&#8221;on&#8221; admin_label=&#8221;TripAdvisor&#8221; _builder_version=&#8221;4.16&#8243; global_colors_info=&#8221;{}&#8221;][\/et_pb_image][\/et_pb_column][et_pb_column type=&#8221;1_4&#8243; _builder_version=&#8221;4.16&#8243; global_colors_info=&#8221;{}&#8221;][et_pb_text admin_label=&#8221;CONTACT&#8221; _builder_version=&#8221;4.27.4&#8243; text_font=&#8221;||||||||&#8221; text_text_color=&#8221;#FFFFFF&#8221; global_colors_info=&#8221;{}&#8221;]<strong>CONTATO<\/strong>[\/et_pb_text][et_pb_divider color=&#8221;#FFFFFF&#8221; _builder_version=&#8221;4.16&#8243; global_colors_info=&#8221;{}&#8221;][\/et_pb_divider][et_pb_text admin_label=&#8221;Info contact&#8221; module_class=&#8221;footer-desktop-texte-module&#8221; _builder_version=&#8221;4.23.1&#8243; text_text_color=&#8221;#FFFFFF&#8221; global_colors_info=&#8221;{}&#8221;]<a href=\"tel:261344444747\">+261 (0) 34 44 447 47<\/a> &#8211; <a href=\"mailto:bookings@anjajavy.com\">bookings@anjajavy.com<\/a><br \/>\nMADAGASCAR[\/et_pb_text][\/et_pb_column][et_pb_column type=&#8221;1_4&#8243; module_id=&#8221;footer-relais-winner-column&#8221; _builder_version=&#8221;4.17.4&#8243; global_colors_info=&#8221;{}&#8221;][et_pb_image src=&#8221;https:\/\/anjajavy.com\/wp-content\/uploads\/2025\/09\/world-Luxury-hotel-awards-anjajavy.png&#8221; admin_label=&#8221;Image&#8221; _builder_version=&#8221;4.16&#8243; global_colors_info=&#8221;{}&#8221;][\/et_pb_image][et_pb_image src=&#8221;https:\/\/anjajavy.com\/wp-content\/uploads\/2025\/09\/Madagascar-Trans-Air-MTA-1.webp&#8221; title_text=&#8221;LOGO&#8221; admin_label=&#8221;Image&#8221; _builder_version=&#8221;4.23.1&#8243; global_colors_info=&#8221;{}&#8221;][\/et_pb_image][et_pb_image src=&#8221;https:\/\/anjajavy.com\/wp-content\/uploads\/2026\/02\/asfeatured_culinary.png&#8221; title_text=&#8221;asfeatured_culinary&#8221; admin_label=&#8221;Image&#8221; _builder_version=&#8221;4.27.4&#8243; global_colors_info=&#8221;{}&#8221;][\/et_pb_image][et_pb_image src=&#8221;https:\/\/anjajavy.com\/wp-content\/uploads\/2025\/09\/Trophee-Duval.jpg&#8221; title_text=&#8221;LOGO&#8221; admin_label=&#8221;Image&#8221; _builder_version=&#8221;4.23.1&#8243; global_colors_info=&#8221;{}&#8221;][\/et_pb_image][\/et_pb_column][\/et_pb_row][\/et_pb_section][et_pb_section fb_built=&#8221;1&#8243; disabled_on=&#8221;off|off|off&#8221; admin_label=&#8221;Footer ML Mobile Section&#8221; module_id=&#8221;footer-ml-mobile-section&#8221; _builder_version=&#8221;4.16&#8243; collapsed=&#8221;off&#8221; global_colors_info=&#8221;{}&#8221;][et_pb_row _builder_version=&#8221;4.16&#8243; global_colors_info=&#8221;{}&#8221;][et_pb_column type=&#8221;4_4&#8243; _builder_version=&#8221;4.16&#8243; global_colors_info=&#8221;{}&#8221;][et_pb_text admin_label=&#8221;ML&#8221; _builder_version=&#8221;4.27.4&#8243; global_colors_info=&#8221;{}&#8221;]<\/p>\n<p style=\"text-align: center;\"><a href=\"\/mentions-legales\/\">Avisos legais<\/a><\/p>\n<p>[\/et_pb_text][\/et_pb_column][\/et_pb_row][\/et_pb_section][et_pb_section fb_built=&#8221;1&#8243; disabled_on=&#8221;off|off|on&#8221; admin_label=&#8221;Footer Mobile Section&#8221; module_id=&#8221;footer-mobile-section&#8221; _builder_version=&#8221;4.16&#8243; collapsed=&#8221;off&#8221; global_colors_info=&#8221;{}&#8221;][et_pb_row _builder_version=&#8221;4.16&#8243; global_colors_info=&#8221;{}&#8221;][et_pb_column type=&#8221;4_4&#8243; _builder_version=&#8221;4.16&#8243; global_colors_info=&#8221;{}&#8221;][et_pb_code disabled_on=&#8221;off|off|off&#8221; admin_label=&#8221;Code pictos&#8221; _builder_version=&#8221;4.23.1&#8243; global_colors_info=&#8221;{}&#8221;]<pee><a href=\"mailto:bookings@anjajavy.com\"><img decoding=\"async\" src=\"\/wp-content\/uploads\/2019\/11\/envelope-White_FFFFFF.png\" \/><\/a><a href=\"tel:020 23 327 59\"><img decoding=\"async\" src=\"\/wp-content\/uploads\/2019\/11\/telephone-White_FFFFFF.png\" \/><\/a><a href=\"\/venir\/\" target=\"_blank\" rel=\"noopener noreferrer\"><img decoding=\"async\" src=\"\/wp-content\/uploads\/2019\/11\/maps-and-flags-White_FFFFFF.png\" \/><\/a><\/pee>[\/et_pb_code][\/et_pb_column][\/et_pb_row][\/et_pb_section]<\/p>\n","protected":false},"excerpt":{"rendered":"<p>uma pen\u00ednsula isolada um acesso preservadoLonge de qualquer estrada, cercada por praias selvagens, florestas, savanas e manguezais, encravada em um manto de karst, Anjajavy \u2014 uma pen\u00ednsula de tranquilidade no fim do mundo \u2014 permanece escondida dos que n\u00e3o a conhecem. Nenhuma estrada leva a Anjajavy, por isso voc\u00ea vir\u00e1 descobrir o Anjajavy Lodge a [&hellip;]<\/p>\n","protected":false},"author":1,"featured_media":0,"parent":0,"menu_order":0,"comment_status":"closed","ping_status":"closed","template":"","meta":{"_et_pb_use_builder":"on","_et_pb_old_content":"<!-- wp:divi\/placeholder \/-->","_et_gb_content_width":"","_sitemap_exclude":false,"_sitemap_priority":"","_sitemap_frequency":"","footnotes":""},"class_list":["post-7351","page","type-page","status-publish","hentry"],"yoast_head":"<!-- This site is optimized with the Yoast SEO plugin v23.5 - https:\/\/yoast.com\/wordpress\/plugins\/seo\/ -->\n<title>Como chegar a Anjajavy - Le monde perdu d\u2019Anjajavy<\/title>\n<meta name=\"robots\" content=\"index, follow, max-snippet:-1, max-image-preview:large, max-video-preview:-1\" \/>\n<link rel=\"canonical\" href=\"https:\/\/anjajavy.com\/pt-br\/venir-a-anjajavy\/\" \/>\n<meta property=\"og:locale\" content=\"pt_BR\" \/>\n<meta property=\"og:type\" content=\"article\" \/>\n<meta property=\"og:title\" content=\"Como chegar a Anjajavy - Le monde perdu d\u2019Anjajavy\" \/>\n<meta property=\"og:description\" content=\"uma pen\u00ednsula isolada um acesso preservadoLonge de qualquer estrada, cercada por praias selvagens, florestas, savanas e manguezais, encravada em um manto de karst, Anjajavy \u2014 uma pen\u00ednsula de tranquilidade no fim do mundo \u2014 permanece escondida dos que n\u00e3o a conhecem. Nenhuma estrada leva a Anjajavy, por isso voc\u00ea vir\u00e1 descobrir o Anjajavy Lodge a [&hellip;]\" \/>\n<meta property=\"og:url\" content=\"https:\/\/anjajavy.com\/pt-br\/venir-a-anjajavy\/\" \/>\n<meta property=\"og:site_name\" content=\"Le monde perdu d\u2019Anjajavy\" \/>\n<meta property=\"article:publisher\" content=\"https:\/\/www.facebook.com\/anjajavy\" \/>\n<meta property=\"article:modified_time\" content=\"2026-05-13T09:16:41+00:00\" \/>\n<meta name=\"twitter:card\" content=\"summary_large_image\" \/>\n<meta name=\"twitter:label1\" content=\"Est. tempo de leitura\" \/>\n\t<meta name=\"twitter:data1\" content=\"4 minutos\" \/>\n<script type=\"application\/ld+json\" class=\"yoast-schema-graph\">{\"@context\":\"https:\/\/schema.org\",\"@graph\":[{\"@type\":\"WebPage\",\"@id\":\"https:\/\/anjajavy.com\/pt-br\/venir-a-anjajavy\/\",\"url\":\"https:\/\/anjajavy.com\/pt-br\/venir-a-anjajavy\/\",\"name\":\"Como chegar a Anjajavy - Le monde perdu d\u2019Anjajavy\",\"isPartOf\":{\"@id\":\"https:\/\/anjajavy.com\/#website\"},\"datePublished\":\"2025-09-12T13:32:24+00:00\",\"dateModified\":\"2026-05-13T09:16:41+00:00\",\"breadcrumb\":{\"@id\":\"https:\/\/anjajavy.com\/pt-br\/venir-a-anjajavy\/#breadcrumb\"},\"inLanguage\":\"pt-BR\",\"potentialAction\":[{\"@type\":\"ReadAction\",\"target\":[\"https:\/\/anjajavy.com\/pt-br\/venir-a-anjajavy\/\"]}]},{\"@type\":\"BreadcrumbList\",\"@id\":\"https:\/\/anjajavy.com\/pt-br\/venir-a-anjajavy\/#breadcrumb\",\"itemListElement\":[{\"@type\":\"ListItem\",\"position\":1,\"name\":\"Accueil\",\"item\":\"https:\/\/anjajavy.com\/pt-br\/\"},{\"@type\":\"ListItem\",\"position\":2,\"name\":\"Como chegar a Anjajavy\"}]},{\"@type\":\"WebSite\",\"@id\":\"https:\/\/anjajavy.com\/#website\",\"url\":\"https:\/\/anjajavy.com\/\",\"name\":\"Anjajavy Le Lodge\",\"description\":\"\",\"potentialAction\":[{\"@type\":\"SearchAction\",\"target\":{\"@type\":\"EntryPoint\",\"urlTemplate\":\"https:\/\/anjajavy.com\/?s={search_term_string}\"},\"query-input\":{\"@type\":\"PropertyValueSpecification\",\"valueRequired\":true,\"valueName\":\"search_term_string\"}}],\"inLanguage\":\"pt-BR\"}]}<\/script>\n<!-- \/ Yoast SEO plugin. -->","yoast_head_json":{"title":"Como chegar a Anjajavy - Le monde perdu d\u2019Anjajavy","robots":{"index":"index","follow":"follow","max-snippet":"max-snippet:-1","max-image-preview":"max-image-preview:large","max-video-preview":"max-video-preview:-1"},"canonical":"https:\/\/anjajavy.com\/pt-br\/venir-a-anjajavy\/","og_locale":"pt_BR","og_type":"article","og_title":"Como chegar a Anjajavy - Le monde perdu d\u2019Anjajavy","og_description":"uma pen\u00ednsula isolada um acesso preservadoLonge de qualquer estrada, cercada por praias selvagens, florestas, savanas e manguezais, encravada em um manto de karst, Anjajavy \u2014 uma pen\u00ednsula de tranquilidade no fim do mundo \u2014 permanece escondida dos que n\u00e3o a conhecem. Nenhuma estrada leva a Anjajavy, por isso voc\u00ea vir\u00e1 descobrir o Anjajavy Lodge a [&hellip;]","og_url":"https:\/\/anjajavy.com\/pt-br\/venir-a-anjajavy\/","og_site_name":"Le monde perdu d\u2019Anjajavy","article_publisher":"https:\/\/www.facebook.com\/anjajavy","article_modified_time":"2026-05-13T09:16:41+00:00","twitter_card":"summary_large_image","twitter_misc":{"Est. tempo de leitura":"4 minutos"},"schema":{"@context":"https:\/\/schema.org","@graph":[{"@type":"WebPage","@id":"https:\/\/anjajavy.com\/pt-br\/venir-a-anjajavy\/","url":"https:\/\/anjajavy.com\/pt-br\/venir-a-anjajavy\/","name":"Como chegar a Anjajavy - Le monde perdu d\u2019Anjajavy","isPartOf":{"@id":"https:\/\/anjajavy.com\/#website"},"datePublished":"2025-09-12T13:32:24+00:00","dateModified":"2026-05-13T09:16:41+00:00","breadcrumb":{"@id":"https:\/\/anjajavy.com\/pt-br\/venir-a-anjajavy\/#breadcrumb"},"inLanguage":"pt-BR","potentialAction":[{"@type":"ReadAction","target":["https:\/\/anjajavy.com\/pt-br\/venir-a-anjajavy\/"]}]},{"@type":"BreadcrumbList","@id":"https:\/\/anjajavy.com\/pt-br\/venir-a-anjajavy\/#breadcrumb","itemListElement":[{"@type":"ListItem","position":1,"name":"Accueil","item":"https:\/\/anjajavy.com\/pt-br\/"},{"@type":"ListItem","position":2,"name":"Como chegar a Anjajavy"}]},{"@type":"WebSite","@id":"https:\/\/anjajavy.com\/#website","url":"https:\/\/anjajavy.com\/","name":"Anjajavy Le Lodge","description":"","potentialAction":[{"@type":"SearchAction","target":{"@type":"EntryPoint","urlTemplate":"https:\/\/anjajavy.com\/?s={search_term_string}"},"query-input":{"@type":"PropertyValueSpecification","valueRequired":true,"valueName":"search_term_string"}}],"inLanguage":"pt-BR"}]}},"_links":{"self":[{"href":"https:\/\/anjajavy.com\/pt-br\/wp-json\/wp\/v2\/pages\/7351","targetHints":{"allow":["GET"]}}],"collection":[{"href":"https:\/\/anjajavy.com\/pt-br\/wp-json\/wp\/v2\/pages"}],"about":[{"href":"https:\/\/anjajavy.com\/pt-br\/wp-json\/wp\/v2\/types\/page"}],"author":[{"embeddable":true,"href":"https:\/\/anjajavy.com\/pt-br\/wp-json\/wp\/v2\/users\/1"}],"replies":[{"embeddable":true,"href":"https:\/\/anjajavy.com\/pt-br\/wp-json\/wp\/v2\/comments?post=7351"}],"version-history":[{"count":8,"href":"https:\/\/anjajavy.com\/pt-br\/wp-json\/wp\/v2\/pages\/7351\/revisions"}],"predecessor-version":[{"id":7478,"href":"https:\/\/anjajavy.com\/pt-br\/wp-json\/wp\/v2\/pages\/7351\/revisions\/7478"}],"wp:attachment":[{"href":"https:\/\/anjajavy.com\/pt-br\/wp-json\/wp\/v2\/media?parent=7351"}],"curies":[{"name":"wp","href":"https:\/\/api.w.org\/{rel}","templated":true}]}}