{"id":7341,"date":"2025-09-12T13:27:23","date_gmt":"2025-09-12T13:27:23","guid":{"rendered":"https:\/\/anjajavy.com\/engagements\/"},"modified":"2026-05-11T13:33:50","modified_gmt":"2026-05-11T13:33:50","slug":"engagements","status":"publish","type":"page","link":"https:\/\/anjajavy.com\/pt-br\/engagements\/","title":{"rendered":"Compromissos"},"content":{"rendered":"<p>[et_pb_section fb_built=&#8221;1&#8243; module_id=&#8221;fullscreen-title-section&#8221; module_class=&#8221;engagements&#8221; _builder_version=&#8221;4.16&#8243; background_enable_image=&#8221;off&#8221; global_colors_info=&#8221;{}&#8221;][et_pb_row _builder_version=&#8221;4.19.5&#8243; background_image=&#8221;https:\/\/anjajavy.com\/wp-content\/uploads\/2025\/09\/Anjajavy-le-lodge_commitments-1-scaled-1.webp&#8221; background_position=&#8221;bottom_left&#8221; global_colors_info=&#8221;{}&#8221;][et_pb_column type=&#8221;4_4&#8243; _builder_version=&#8221;4.16&#8243; global_colors_info=&#8221;{}&#8221;][et_pb_code module_class=&#8221;animation-type for-toTop&#8221; _builder_version=&#8221;4.27.4&#8243; hover_enabled=&#8221;0&#8243; global_colors_info=&#8221;{}&#8221; sticky_enabled=&#8221;0&#8243;]<\/p>\n<h2 style=\"color: #fff; font-size: 50px !important;\">Conhe\u00e7a<pee class=\"trait-title\"><\/pee><pee class=\"espace-title\"><\/pee><!-- [et_pb_line_break_holder] --><span>nossos compromissos com a sustentabilidade<\/span><\/h2>\n<p>[\/et_pb_code][\/et_pb_column][\/et_pb_row][\/et_pb_section][et_pb_section fb_built=&#8221;1&#8243; admin_label=&#8221;Slider \/ Text Section&#8221; module_class=&#8221;engagements-section engagements-slider-text-section&#8221; _builder_version=&#8221;4.16&#8243; global_colors_info=&#8221;{}&#8221;][et_pb_row column_structure=&#8221;1_2,1_2&#8243; use_custom_gutter=&#8221;on&#8221; make_equal=&#8221;on&#8221; module_class=&#8221;side-margin&#8221; _builder_version=&#8221;4.16&#8243; global_colors_info=&#8221;{}&#8221;][et_pb_column type=&#8221;1_2&#8243; _builder_version=&#8221;4.16&#8243; background_enable_image=&#8221;off&#8221; background_position=&#8221;bottom_center&#8221; global_colors_info=&#8221;{}&#8221;][et_pb_slider _builder_version=&#8221;4.19.5&#8243; auto=&#8221;on&#8221; auto_speed=&#8221;5000&#8243; global_colors_info=&#8221;{}&#8221;][et_pb_slide _builder_version=&#8221;4.19.5&#8243; background_image=&#8221;https:\/\/anjajavy.com\/wp-content\/uploads\/2025\/09\/Anjajavy-villa_solar-panel-scaled-1.webp&#8221; background_enable_image=&#8221;on&#8221; global_colors_info=&#8221;{}&#8221; sticky_transition=&#8221;on&#8221;][\/et_pb_slide][\/et_pb_slider][\/et_pb_column][et_pb_column type=&#8221;1_2&#8243; _builder_version=&#8221;4.16&#8243; global_colors_info=&#8221;{}&#8221;][et_pb_text admin_label=&#8221;Chauffe-eau solaire&#8221; module_class=&#8221;tranquility-title-module&#8221; _builder_version=&#8221;4.27.4&#8243; hover_enabled=&#8221;0&#8243; global_colors_info=&#8221;{}&#8221; sticky_enabled=&#8221;0&#8243;]<\/p>\n<h2>aquecedores solares de \u00e1gua<\/h2>\n<p>Para banhos mais ecol\u00f3gicos[\/et_pb_text][et_pb_divider module_class=&#8221;ligne-horizontale animation-type for-toRight&#8221; _builder_version=&#8221;4.16&#8243; global_colors_info=&#8221;{}&#8221;][\/et_pb_divider][et_pb_text admin_label=&#8221;En tant qu\u2019\u00e9colodge&#8230;&#8221; _builder_version=&#8221;4.27.4&#8243; text_orientation=&#8221;justified&#8221; hover_enabled=&#8221;0&#8243; global_colors_info=&#8221;{}&#8221; sticky_enabled=&#8221;0&#8243;]<\/p>\n<p style=\"text-align: justify;\">Como ecolodge, desejamos adotar uma abordagem sustent\u00e1vel e respons\u00e1vel. Assim, todas as nossas vilas est\u00e3o equipadas com aquecedores solares de \u00e1gua, permitindo que nossos h\u00f3spedes contribuam para a preserva\u00e7\u00e3o do planeta ao utilizar uma solu\u00e7\u00e3o sem emiss\u00f5es de CO\u2082. Esse sistema adapta-se perfeitamente ao clima local e confere ao Anjajavy le Lodge uma independ\u00eancia energ\u00e9tica totalmente ecol\u00f3gica.<\/p>\n<p>[\/et_pb_text][\/et_pb_column][\/et_pb_row][\/et_pb_section][et_pb_section fb_built=&#8221;1&#8243; admin_label=&#8221;Text \/ Slider Section&#8221; module_class=&#8221;engagements-section engagements-text-slider-section ethic-cuisine-section&#8221; _builder_version=&#8221;4.16&#8243; global_colors_info=&#8221;{}&#8221;][et_pb_row column_structure=&#8221;1_2,1_2&#8243; use_custom_gutter=&#8221;on&#8221; make_equal=&#8221;on&#8221; module_class=&#8221;side-margin&#8221; _builder_version=&#8221;4.16&#8243; global_colors_info=&#8221;{}&#8221;][et_pb_column type=&#8221;1_2&#8243; _builder_version=&#8221;4.16&#8243; background_enable_image=&#8221;off&#8221; background_position=&#8221;bottom_center&#8221; global_colors_info=&#8221;{}&#8221;][et_pb_text admin_label=&#8221;Cuisine \u00c9thique&#8221; module_class=&#8221;tranquility-title-module&#8221; _builder_version=&#8221;4.27.4&#8243; header_text_align=&#8221;right&#8221; hover_enabled=&#8221;0&#8243; global_colors_info=&#8221;{}&#8221; sticky_enabled=&#8221;0&#8243;]<\/p>\n<h2 style=\"text-align: right;\">Cozinha \u00e9tica<\/h2>\n<p style=\"text-align: right;\">Para proteger o planeta<br \/>\ne incentivar o desenvolvimento<\/p>\n<p>[\/et_pb_text][et_pb_divider module_class=&#8221;ligne-horizontale animation-type for-toRight&#8221; _builder_version=&#8221;4.16&#8243; global_colors_info=&#8221;{}&#8221;][\/et_pb_divider][et_pb_text admin_label=&#8221;Notre chef, nos jardiniers et&#8230;&#8221; _builder_version=&#8221;4.27.4&#8243; text_orientation=&#8221;justified&#8221; hover_enabled=&#8221;0&#8243; global_colors_info=&#8221;{}&#8221; sticky_enabled=&#8221;0&#8243;]Nosso chef e nossos fornecedores locais est\u00e3o comprometidos com uma abordagem que abrange o respeito pela Terra e pela sa\u00fade dos seres vivos. Queremos reduzir ao m\u00e1ximo nosso impacto ambiental, ao mesmo tempo em que oferecemos produtos de alta qualidade provenientes diretamente de pescadores, criadores e produtores locais, para garantir a voc\u00ea produtos org\u00e2nicos da esta\u00e7\u00e3o.[\/et_pb_text][\/et_pb_column][et_pb_column type=&#8221;1_2&#8243; _builder_version=&#8221;4.16&#8243; global_colors_info=&#8221;{}&#8221;][et_pb_slider _builder_version=&#8221;4.19.5&#8243; auto=&#8221;on&#8221; auto_speed=&#8221;5000&#8243; global_colors_info=&#8221;{}&#8221;][et_pb_slide _builder_version=&#8221;4.19.5&#8243; background_image=&#8221;https:\/\/anjajavy.com\/wp-content\/uploads\/2025\/09\/Anjajavy-le-lodge-people-4-1-scaled-1.webp&#8221; background_enable_image=&#8221;on&#8221; global_colors_info=&#8221;{}&#8221; sticky_transition=&#8221;on&#8221;][\/et_pb_slide][\/et_pb_slider][\/et_pb_column][\/et_pb_row][\/et_pb_section][et_pb_section fb_built=&#8221;1&#8243; admin_label=&#8221;Slider \/ Text Section&#8221; module_class=&#8221;engagements-section engagements-slider-text-section&#8221; _builder_version=&#8221;4.16&#8243; global_colors_info=&#8221;{}&#8221;][et_pb_row column_structure=&#8221;1_2,1_2&#8243; use_custom_gutter=&#8221;on&#8221; make_equal=&#8221;on&#8221; module_class=&#8221;side-margin&#8221; _builder_version=&#8221;4.16&#8243; global_colors_info=&#8221;{}&#8221;][et_pb_column type=&#8221;1_2&#8243; _builder_version=&#8221;4.16&#8243; background_enable_image=&#8221;off&#8221; background_position=&#8221;bottom_center&#8221; global_colors_info=&#8221;{}&#8221;][et_pb_slider _builder_version=&#8221;4.16&#8243; auto=&#8221;on&#8221; auto_speed=&#8221;5000&#8243; global_colors_info=&#8221;{}&#8221;][et_pb_slide _builder_version=&#8221;4.16&#8243; background_image=&#8221;https:\/\/anjajavy.com\/wp-content\/uploads\/2025\/09\/Anjajavy-Anti-plastique.jpg&#8221; background_enable_image=&#8221;on&#8221; global_colors_info=&#8221;{}&#8221; sticky_transition=&#8221;on&#8221;][\/et_pb_slide][\/et_pb_slider][\/et_pb_column][et_pb_column type=&#8221;1_2&#8243; _builder_version=&#8221;4.16&#8243; global_colors_info=&#8221;{}&#8221;][et_pb_text admin_label=&#8221;Politique anti-plastique&#8221; module_class=&#8221;tranquility-title-module&#8221; _builder_version=&#8221;4.27.4&#8243; hover_enabled=&#8221;0&#8243; global_colors_info=&#8221;{}&#8221; sticky_enabled=&#8221;0&#8243;]<\/p>\n<h2>pol\u00edtica anti-pl\u00e1stico<\/h2>\n<p>Para reduzir nosso impacto[\/et_pb_text][et_pb_divider module_class=&#8221;ligne-horizontale animation-type for-toRight&#8221; _builder_version=&#8221;4.16&#8243; global_colors_info=&#8221;{}&#8221;][\/et_pb_divider][et_pb_text admin_label=&#8221;Soucieux de notre impact \u00e9cologique&#8230;&#8221; _builder_version=&#8221;4.27.4&#8243; text_orientation=&#8221;justified&#8221; hover_enabled=&#8221;0&#8243; global_colors_info=&#8221;{}&#8221; sticky_enabled=&#8221;0&#8243;]Preocupados com nosso impacto ecol\u00f3gico e por estarmos localizados no cora\u00e7\u00e3o de uma \u00c1rea Protegida, o Anjajavy Lodge tem como objetivo ser exemplar em sua pegada ambiental. Por isso, evitamos todo tipo de pl\u00e1stico desnecess\u00e1rio. Nossos coquet\u00e9is devem ser consumidos sem canudo de pl\u00e1stico, diretamente do copo; os cotonetes, dispon\u00edveis nas vilas, s\u00e3o biodegrad\u00e1veis; e nossos produtos de limpeza chegam em grandes volumes, por meio de canoas tradicionais \u00e0 vela, para serem dilu\u00eddos, a fim de limitar o consumo de garrafas pl\u00e1sticas.<\/p>\n<p>No entanto, para os res\u00edduos pl\u00e1sticos restantes e, infelizmente, inevit\u00e1veis, o Anjajavy le lodge utiliza um sistema que permite transform\u00e1-los em tijolos de constru\u00e7\u00e3o. Seja ele usado, sujo ou fino, o pl\u00e1stico \u00e9 compactado e moldado de forma a obter tijolos homog\u00eaneos que podem ser reutilizados em diversas constru\u00e7\u00f5es, evitando assim a polui\u00e7\u00e3o pl\u00e1stica descontrolada, muito presente em outras regi\u00f5es.[\/et_pb_text][\/et_pb_column][\/et_pb_row][\/et_pb_section][et_pb_section fb_built=&#8221;1&#8243; module_id=&#8221;engagements-questions-section&#8221; _builder_version=&#8221;4.16&#8243; global_colors_info=&#8221;{}&#8221;][et_pb_row _builder_version=&#8221;4.27.4&#8243; background_image=&#8221;https:\/\/anjajavy.com\/wp-content\/uploads\/2025\/09\/Anjajavy-Bloc-bas-de-page.jpg&#8221; max_width=&#8221;1845px&#8221; global_colors_info=&#8221;{}&#8221;][et_pb_column type=&#8221;4_4&#8243; _builder_version=&#8221;4.16&#8243; global_colors_info=&#8221;{}&#8221;][et_pb_text admin_label=&#8221;Questions sur&#8230;&#8221; _builder_version=&#8221;4.27.4&#8243; hover_enabled=&#8221;0&#8243; global_colors_info=&#8221;{}&#8221; sticky_enabled=&#8221;0&#8243;]<\/p>\n<h2>Tem d\u00favidas sobre<br \/>\nnossos compromissos<br \/>\ncom a sustentabilidade?<\/h2>\n<p><a class=\"btn-dark\" href=\"mailto:bookings@anjajavy.com\">Entre em contato conosco<\/a>[\/et_pb_text][\/et_pb_column][\/et_pb_row][\/et_pb_section][et_pb_section fb_built=&#8221;1&#8243; disabled_on=&#8221;off|off|off&#8221; admin_label=&#8221;Section Footer Desktop&#8221; module_id=&#8221;footer-desktop&#8221; _builder_version=&#8221;4.27.4&#8243; saved_tabs=&#8221;all&#8221; locked=&#8221;off&#8221; collapsed=&#8221;off&#8221; global_colors_info=&#8221;{}&#8221; global_module=&#8221;7205&#8243; theme_builder_area=&#8221;post_content&#8221;][et_pb_row column_structure=&#8221;1_4,1_4,1_4,1_4&#8243; use_custom_gutter=&#8221;on&#8221; gutter_width=&#8221;1&#8243; make_equal=&#8221;on&#8221; _builder_version=&#8221;4.27.4&#8243; max_width=&#8221;1920px&#8221; global_colors_info=&#8221;{}&#8221; theme_builder_area=&#8221;post_content&#8221;][et_pb_column type=&#8221;1_4&#8243; _builder_version=&#8221;4.16&#8243; global_colors_info=&#8221;{}&#8221; theme_builder_area=&#8221;post_content&#8221;][et_pb_text admin_label=&#8221;BUREAU DE R\u00c9SERVATION&#8221; _builder_version=&#8221;4.27.4&#8243; text_font=&#8221;||||||||&#8221; text_text_color=&#8221;#FFFFFF&#8221; global_colors_info=&#8221;{}&#8221; theme_builder_area=&#8221;post_content&#8221;]<strong>BALC\u00c3O DE RESERVAS<\/strong>[\/et_pb_text][et_pb_divider color=&#8221;#FFFFFF&#8221; _builder_version=&#8221;4.16&#8243; global_colors_info=&#8221;{}&#8221; theme_builder_area=&#8221;post_content&#8221;][\/et_pb_divider][et_pb_text admin_label=&#8221;Adresse&#8221; module_class=&#8221;footer-desktop-texte-module&#8221; _builder_version=&#8221;4.27.4&#8243; text_text_color=&#8221;#FFFFFF&#8221; global_colors_info=&#8221;{}&#8221; theme_builder_area=&#8221;post_content&#8221;]<\/p>\n<p>1\u00ba andar, Centro Comercial DYVE GARDEN<br \/>Anosivavaka, Antananarivo 101, MADAGASCAR<\/p>\n<p>[\/et_pb_text][\/et_pb_column][et_pb_column type=&#8221;1_4&#8243; module_id=&#8221;footer-icons-column&#8221; _builder_version=&#8221;4.16&#8243; global_colors_info=&#8221;{}&#8221; theme_builder_area=&#8221;post_content&#8221;][et_pb_image src=&#8221;https:\/\/anjajavy.com\/wp-content\/uploads\/2025\/09\/facebook-logo-White_FFFFFF.png&#8221; url=&#8221;https:\/\/www.facebook.com\/anjajavy\/&#8221; url_new_window=&#8221;on&#8221; admin_label=&#8221;Facebook&#8221; _builder_version=&#8221;4.16&#8243; global_colors_info=&#8221;{}&#8221; theme_builder_area=&#8221;post_content&#8221;][\/et_pb_image][et_pb_image src=&#8221;https:\/\/anjajavy.com\/wp-content\/uploads\/2025\/09\/instagram-logo-White_FFFFFF.png&#8221; url=&#8221;https:\/\/www.instagram.com\/anjajavy_le_lodge_madagascar\/&#8221; url_new_window=&#8221;on&#8221; admin_label=&#8221;Insta&#8221; _builder_version=&#8221;4.16&#8243; global_colors_info=&#8221;{}&#8221; theme_builder_area=&#8221;post_content&#8221;][\/et_pb_image][et_pb_image src=&#8221;https:\/\/anjajavy.com\/wp-content\/uploads\/2025\/09\/tripadvisor-logotype-White_FFFFFF.png&#8221; url=&#8221;https:\/\/www.tripadvisor.fr\/Hotel_Review-g298269-d304179-Reviews-Anjajavy_Le_Lodge_Relais_Chateaux-Anjajavy_Mahajanga_Province.html&#8221; url_new_window=&#8221;on&#8221; admin_label=&#8221;TripAdvisor&#8221; _builder_version=&#8221;4.16&#8243; global_colors_info=&#8221;{}&#8221; theme_builder_area=&#8221;post_content&#8221;][\/et_pb_image][\/et_pb_column][et_pb_column type=&#8221;1_4&#8243; _builder_version=&#8221;4.16&#8243; global_colors_info=&#8221;{}&#8221; theme_builder_area=&#8221;post_content&#8221;][et_pb_text admin_label=&#8221;CONTACT&#8221; _builder_version=&#8221;4.27.4&#8243; text_font=&#8221;||||||||&#8221; text_text_color=&#8221;#FFFFFF&#8221; global_colors_info=&#8221;{}&#8221; theme_builder_area=&#8221;post_content&#8221;]<strong>CONTATO<\/strong>[\/et_pb_text][et_pb_divider color=&#8221;#FFFFFF&#8221; _builder_version=&#8221;4.16&#8243; global_colors_info=&#8221;{}&#8221; theme_builder_area=&#8221;post_content&#8221;][\/et_pb_divider][et_pb_text admin_label=&#8221;Info contact&#8221; module_class=&#8221;footer-desktop-texte-module&#8221; _builder_version=&#8221;4.23.1&#8243; text_text_color=&#8221;#FFFFFF&#8221; global_colors_info=&#8221;{}&#8221; theme_builder_area=&#8221;post_content&#8221;]<a href=\"tel:261344444747\">+261 (0) 34 44 447 47<\/a> &#8211; <a href=\"mailto:bookings@anjajavy.com\">bookings@anjajavy.com<\/a><br \/>\nMADAGASCAR[\/et_pb_text][\/et_pb_column][et_pb_column type=&#8221;1_4&#8243; module_id=&#8221;footer-relais-winner-column&#8221; _builder_version=&#8221;4.17.4&#8243; global_colors_info=&#8221;{}&#8221; theme_builder_area=&#8221;post_content&#8221;][et_pb_image src=&#8221;https:\/\/anjajavy.com\/wp-content\/uploads\/2025\/09\/world-Luxury-hotel-awards-anjajavy.png&#8221; admin_label=&#8221;Image&#8221; _builder_version=&#8221;4.16&#8243; global_colors_info=&#8221;{}&#8221; theme_builder_area=&#8221;post_content&#8221;][\/et_pb_image][et_pb_image src=&#8221;https:\/\/anjajavy.com\/wp-content\/uploads\/2025\/09\/Madagascar-Trans-Air-MTA-1.webp&#8221; title_text=&#8221;LOGO&#8221; admin_label=&#8221;Image&#8221; _builder_version=&#8221;4.23.1&#8243; global_colors_info=&#8221;{}&#8221; theme_builder_area=&#8221;post_content&#8221;][\/et_pb_image][et_pb_image src=&#8221;https:\/\/anjajavy.com\/wp-content\/uploads\/2026\/02\/asfeatured_culinary.png&#8221; title_text=&#8221;asfeatured_culinary&#8221; admin_label=&#8221;Image&#8221; _builder_version=&#8221;4.27.4&#8243; global_colors_info=&#8221;{}&#8221; theme_builder_area=&#8221;post_content&#8221;][\/et_pb_image][et_pb_image src=&#8221;https:\/\/anjajavy.com\/wp-content\/uploads\/2025\/09\/Trophee-Duval.jpg&#8221; title_text=&#8221;LOGO&#8221; admin_label=&#8221;Image&#8221; _builder_version=&#8221;4.23.1&#8243; global_colors_info=&#8221;{}&#8221; theme_builder_area=&#8221;post_content&#8221;][\/et_pb_image][\/et_pb_column][\/et_pb_row][\/et_pb_section][et_pb_section fb_built=&#8221;1&#8243; disabled_on=&#8221;off|off|off&#8221; admin_label=&#8221;Footer ML Mobile Section&#8221; module_id=&#8221;footer-ml-mobile-section&#8221; _builder_version=&#8221;4.16&#8243; collapsed=&#8221;off&#8221; global_colors_info=&#8221;{}&#8221;][et_pb_row _builder_version=&#8221;4.16&#8243; global_colors_info=&#8221;{}&#8221;][et_pb_column type=&#8221;4_4&#8243; _builder_version=&#8221;4.16&#8243; global_colors_info=&#8221;{}&#8221;][et_pb_text admin_label=&#8221;ML&#8221; _builder_version=&#8221;4.16&#8243; global_colors_info=&#8221;{}&#8221;]<\/p>\n<p style=\"text-align: center;\"> <a href=\"https:\/\/anjajavy.com\/pt-br\/mentions-legales\/\">Mentions l\u00e9gales<\/a><\/p>\n<p>[\/et_pb_text][\/et_pb_column][\/et_pb_row][\/et_pb_section][et_pb_section fb_built=&#8221;1&#8243; disabled_on=&#8221;off|off|on&#8221; admin_label=&#8221;Footer Mobile Section&#8221; module_id=&#8221;footer-mobile-section&#8221; _builder_version=&#8221;4.16&#8243; collapsed=&#8221;off&#8221; global_colors_info=&#8221;{}&#8221;][et_pb_row _builder_version=&#8221;4.16&#8243; global_colors_info=&#8221;{}&#8221;][et_pb_column type=&#8221;4_4&#8243; _builder_version=&#8221;4.16&#8243; global_colors_info=&#8221;{}&#8221;][et_pb_code disabled_on=&#8221;off|off|off&#8221; admin_label=&#8221;Code pictos&#8221; _builder_version=&#8221;4.23.1&#8243; global_colors_info=&#8221;{}&#8221;]<pee><a href=\"mailto:bookings@anjajavy.com\"><img decoding=\"async\" src=\"\/wp-content\/uploads\/2019\/11\/envelope-White_FFFFFF.png\" \/><\/a><a href=\"tel:020 23 327 59\"><img decoding=\"async\" src=\"\/wp-content\/uploads\/2019\/11\/telephone-White_FFFFFF.png\" \/><\/a><a href=\"\/venir\/\" target=\"_blank\" rel=\"noopener noreferrer\"><img decoding=\"async\" src=\"\/wp-content\/uploads\/2019\/11\/maps-and-flags-White_FFFFFF.png\" \/><\/a><\/pee>[\/et_pb_code][\/et_pb_column][\/et_pb_row][\/et_pb_section]<\/p>\n","protected":false},"excerpt":{"rendered":"<p>aquecedores solares de \u00e1gua Para banhos mais ecol\u00f3gicosComo ecolodge, desejamos adotar uma abordagem sustent\u00e1vel e respons\u00e1vel. Assim, todas as nossas vilas est\u00e3o equipadas com aquecedores solares de \u00e1gua, permitindo que nossos h\u00f3spedes contribuam para a preserva\u00e7\u00e3o do planeta ao utilizar uma solu\u00e7\u00e3o sem emiss\u00f5es de CO\u2082. Esse sistema adapta-se perfeitamente ao clima local e confere [&hellip;]<\/p>\n","protected":false},"author":1,"featured_media":0,"parent":0,"menu_order":0,"comment_status":"closed","ping_status":"closed","template":"","meta":{"_et_pb_use_builder":"on","_et_pb_old_content":"<!-- wp:divi\/placeholder \/-->","_et_gb_content_width":"","_sitemap_exclude":false,"_sitemap_priority":"","_sitemap_frequency":"","footnotes":""},"class_list":["post-7341","page","type-page","status-publish","hentry"],"yoast_head":"<!-- This site is optimized with the Yoast SEO plugin v23.5 - https:\/\/yoast.com\/wordpress\/plugins\/seo\/ -->\n<title>Compromissos - Le monde perdu d\u2019Anjajavy<\/title>\n<meta name=\"robots\" content=\"index, follow, max-snippet:-1, max-image-preview:large, max-video-preview:-1\" \/>\n<link rel=\"canonical\" href=\"https:\/\/anjajavy.com\/pt-br\/engagements\/\" \/>\n<meta property=\"og:locale\" content=\"pt_BR\" \/>\n<meta property=\"og:type\" content=\"article\" \/>\n<meta property=\"og:title\" content=\"Compromissos - Le monde perdu d\u2019Anjajavy\" \/>\n<meta property=\"og:description\" content=\"aquecedores solares de \u00e1gua Para banhos mais ecol\u00f3gicosComo ecolodge, desejamos adotar uma abordagem sustent\u00e1vel e respons\u00e1vel. Assim, todas as nossas vilas est\u00e3o equipadas com aquecedores solares de \u00e1gua, permitindo que nossos h\u00f3spedes contribuam para a preserva\u00e7\u00e3o do planeta ao utilizar uma solu\u00e7\u00e3o sem emiss\u00f5es de CO\u2082. Esse sistema adapta-se perfeitamente ao clima local e confere [&hellip;]\" \/>\n<meta property=\"og:url\" content=\"https:\/\/anjajavy.com\/pt-br\/engagements\/\" \/>\n<meta property=\"og:site_name\" content=\"Le monde perdu d\u2019Anjajavy\" \/>\n<meta property=\"article:publisher\" content=\"https:\/\/www.facebook.com\/anjajavy\" \/>\n<meta property=\"article:modified_time\" content=\"2026-05-11T13:33:50+00:00\" \/>\n<meta name=\"twitter:card\" content=\"summary_large_image\" \/>\n<meta name=\"twitter:label1\" content=\"Est. tempo de leitura\" \/>\n\t<meta name=\"twitter:data1\" content=\"4 minutos\" \/>\n<script type=\"application\/ld+json\" class=\"yoast-schema-graph\">{\"@context\":\"https:\/\/schema.org\",\"@graph\":[{\"@type\":\"WebPage\",\"@id\":\"https:\/\/anjajavy.com\/pt-br\/engagements\/\",\"url\":\"https:\/\/anjajavy.com\/pt-br\/engagements\/\",\"name\":\"Compromissos - Le monde perdu d\u2019Anjajavy\",\"isPartOf\":{\"@id\":\"https:\/\/anjajavy.com\/#website\"},\"datePublished\":\"2025-09-12T13:27:23+00:00\",\"dateModified\":\"2026-05-11T13:33:50+00:00\",\"breadcrumb\":{\"@id\":\"https:\/\/anjajavy.com\/pt-br\/engagements\/#breadcrumb\"},\"inLanguage\":\"pt-BR\",\"potentialAction\":[{\"@type\":\"ReadAction\",\"target\":[\"https:\/\/anjajavy.com\/pt-br\/engagements\/\"]}]},{\"@type\":\"BreadcrumbList\",\"@id\":\"https:\/\/anjajavy.com\/pt-br\/engagements\/#breadcrumb\",\"itemListElement\":[{\"@type\":\"ListItem\",\"position\":1,\"name\":\"Accueil\",\"item\":\"https:\/\/anjajavy.com\/pt-br\/\"},{\"@type\":\"ListItem\",\"position\":2,\"name\":\"Compromissos\"}]},{\"@type\":\"WebSite\",\"@id\":\"https:\/\/anjajavy.com\/#website\",\"url\":\"https:\/\/anjajavy.com\/\",\"name\":\"Anjajavy Le Lodge\",\"description\":\"\",\"potentialAction\":[{\"@type\":\"SearchAction\",\"target\":{\"@type\":\"EntryPoint\",\"urlTemplate\":\"https:\/\/anjajavy.com\/?s={search_term_string}\"},\"query-input\":{\"@type\":\"PropertyValueSpecification\",\"valueRequired\":true,\"valueName\":\"search_term_string\"}}],\"inLanguage\":\"pt-BR\"}]}<\/script>\n<!-- \/ Yoast SEO plugin. -->","yoast_head_json":{"title":"Compromissos - Le monde perdu d\u2019Anjajavy","robots":{"index":"index","follow":"follow","max-snippet":"max-snippet:-1","max-image-preview":"max-image-preview:large","max-video-preview":"max-video-preview:-1"},"canonical":"https:\/\/anjajavy.com\/pt-br\/engagements\/","og_locale":"pt_BR","og_type":"article","og_title":"Compromissos - Le monde perdu d\u2019Anjajavy","og_description":"aquecedores solares de \u00e1gua Para banhos mais ecol\u00f3gicosComo ecolodge, desejamos adotar uma abordagem sustent\u00e1vel e respons\u00e1vel. Assim, todas as nossas vilas est\u00e3o equipadas com aquecedores solares de \u00e1gua, permitindo que nossos h\u00f3spedes contribuam para a preserva\u00e7\u00e3o do planeta ao utilizar uma solu\u00e7\u00e3o sem emiss\u00f5es de CO\u2082. Esse sistema adapta-se perfeitamente ao clima local e confere [&hellip;]","og_url":"https:\/\/anjajavy.com\/pt-br\/engagements\/","og_site_name":"Le monde perdu d\u2019Anjajavy","article_publisher":"https:\/\/www.facebook.com\/anjajavy","article_modified_time":"2026-05-11T13:33:50+00:00","twitter_card":"summary_large_image","twitter_misc":{"Est. tempo de leitura":"4 minutos"},"schema":{"@context":"https:\/\/schema.org","@graph":[{"@type":"WebPage","@id":"https:\/\/anjajavy.com\/pt-br\/engagements\/","url":"https:\/\/anjajavy.com\/pt-br\/engagements\/","name":"Compromissos - Le monde perdu d\u2019Anjajavy","isPartOf":{"@id":"https:\/\/anjajavy.com\/#website"},"datePublished":"2025-09-12T13:27:23+00:00","dateModified":"2026-05-11T13:33:50+00:00","breadcrumb":{"@id":"https:\/\/anjajavy.com\/pt-br\/engagements\/#breadcrumb"},"inLanguage":"pt-BR","potentialAction":[{"@type":"ReadAction","target":["https:\/\/anjajavy.com\/pt-br\/engagements\/"]}]},{"@type":"BreadcrumbList","@id":"https:\/\/anjajavy.com\/pt-br\/engagements\/#breadcrumb","itemListElement":[{"@type":"ListItem","position":1,"name":"Accueil","item":"https:\/\/anjajavy.com\/pt-br\/"},{"@type":"ListItem","position":2,"name":"Compromissos"}]},{"@type":"WebSite","@id":"https:\/\/anjajavy.com\/#website","url":"https:\/\/anjajavy.com\/","name":"Anjajavy Le Lodge","description":"","potentialAction":[{"@type":"SearchAction","target":{"@type":"EntryPoint","urlTemplate":"https:\/\/anjajavy.com\/?s={search_term_string}"},"query-input":{"@type":"PropertyValueSpecification","valueRequired":true,"valueName":"search_term_string"}}],"inLanguage":"pt-BR"}]}},"_links":{"self":[{"href":"https:\/\/anjajavy.com\/pt-br\/wp-json\/wp\/v2\/pages\/7341","targetHints":{"allow":["GET"]}}],"collection":[{"href":"https:\/\/anjajavy.com\/pt-br\/wp-json\/wp\/v2\/pages"}],"about":[{"href":"https:\/\/anjajavy.com\/pt-br\/wp-json\/wp\/v2\/types\/page"}],"author":[{"embeddable":true,"href":"https:\/\/anjajavy.com\/pt-br\/wp-json\/wp\/v2\/users\/1"}],"replies":[{"embeddable":true,"href":"https:\/\/anjajavy.com\/pt-br\/wp-json\/wp\/v2\/comments?post=7341"}],"version-history":[{"count":6,"href":"https:\/\/anjajavy.com\/pt-br\/wp-json\/wp\/v2\/pages\/7341\/revisions"}],"predecessor-version":[{"id":7472,"href":"https:\/\/anjajavy.com\/pt-br\/wp-json\/wp\/v2\/pages\/7341\/revisions\/7472"}],"wp:attachment":[{"href":"https:\/\/anjajavy.com\/pt-br\/wp-json\/wp\/v2\/media?parent=7341"}],"curies":[{"name":"wp","href":"https:\/\/api.w.org\/{rel}","templated":true}]}}